{"id":13634,"date":"2026-04-13T11:19:30","date_gmt":"2026-04-13T15:19:30","guid":{"rendered":"https:\/\/nutra.fruitdor.ca\/?post_type=product&#038;p=13634"},"modified":"2026-04-29T15:27:40","modified_gmt":"2026-04-29T19:27:40","slug":"cran-dor-pristine-xv","status":"publish","type":"product","link":"https:\/\/nutra.fruitdor.ca\/fr\/nos-produits\/cran-dor-pristine-xv","title":{"rendered":"Cran d\u2019Or\u2122 Pristine XV"},"excerpt":{"rendered":"<p>Proanthocyanidines 15 % de PAC (BL-DMAC), 36 mg d&rsquo;ingredient actif pour seulement 250 mg Verticalement int\u00e9gr\u00e9 Con\u00e7u \u00e0 partir de z\u00e9ro avec un contr\u00f4le total de la cha\u00eene d&rsquo;approvisionnement Align\u00e9 aux crit\u00e8res ESG Protection de la biodiversit\u00e9, utilisation circulaire des coproduits\u00a0 Enti\u00e8rement naturel Extrait pur \u00e0 100 %, sans excipients Sant\u00e9 urinaire La r\u00e9putation de &hellip; <\/p>\n<p class=\"link-more\"><a href=\"https:\/\/nutra.fruitdor.ca\/fr\/nos-produits\/cran-dor-pristine-xv\" class=\"more-link\">Continuer la lecture <span class=\"screen-reader-text\"> \u00ab\u00a0Cran d\u2019Or\u2122 Pristine XV\u00a0\u00bb<\/span><\/a><\/p>\n","protected":false},"featured_media":13590,"parent":0,"menu_order":0,"template":"","meta":{"_acf_changed":false,"_wp_rev_ctl_limit":""},"brand":[69],"product-category":[66],"class_list":["post-13634","product","type-product","status-publish","has-post-thumbnail","hentry","brand-cran-dor-fr-2","product-category-poudres","entry"],"acf":[],"aioseo_notices":[],"_links":{"self":[{"href":"https:\/\/nutra.fruitdor.ca\/fr\/wp-json\/wp\/v2\/product\/13634","targetHints":{"allow":["GET"]}}],"collection":[{"href":"https:\/\/nutra.fruitdor.ca\/fr\/wp-json\/wp\/v2\/product"}],"about":[{"href":"https:\/\/nutra.fruitdor.ca\/fr\/wp-json\/wp\/v2\/types\/product"}],"version-history":[{"count":12,"href":"https:\/\/nutra.fruitdor.ca\/fr\/wp-json\/wp\/v2\/product\/13634\/revisions"}],"predecessor-version":[{"id":13646,"href":"https:\/\/nutra.fruitdor.ca\/fr\/wp-json\/wp\/v2\/product\/13634\/revisions\/13646"}],"wp:featuredmedia":[{"embeddable":true,"href":"https:\/\/nutra.fruitdor.ca\/fr\/wp-json\/wp\/v2\/media\/13590"}],"wp:attachment":[{"href":"https:\/\/nutra.fruitdor.ca\/fr\/wp-json\/wp\/v2\/media?parent=13634"}],"wp:term":[{"taxonomy":"brand","embeddable":true,"href":"https:\/\/nutra.fruitdor.ca\/fr\/wp-json\/wp\/v2\/brand?post=13634"},{"taxonomy":"product-category","embeddable":true,"href":"https:\/\/nutra.fruitdor.ca\/fr\/wp-json\/wp\/v2\/product-category?post=13634"}],"curies":[{"name":"wp","href":"https:\/\/api.w.org\/{rel}","templated":true}]}}